{"id":105,"date":"2010-06-21T15:54:39","date_gmt":"2010-06-21T15:54:39","guid":{"rendered":"http:\/\/www.musikkapelle-spay.de\/wordpress\/?page_id=105"},"modified":"2026-03-17T21:50:15","modified_gmt":"2026-03-17T20:50:15","slug":"ausbildung","status":"publish","type":"page","link":"https:\/\/www.musikkapelle-spay.de\/wordpress\/ausbildung\/","title":{"rendered":"Ausbildung"},"content":{"rendered":"<p style=\"text-align: justify;\">Die musikalische Aus- und Weiterbildung von Jugendlichen ist eine zentrale S\u00e4ule f\u00fcr das Fortbestehen unseres Vereins. Daher bieten wir eine attraktive Instrumentalausbildung f\u00fcr Jung und Alt an.<\/p>\n<h4>Musikalische Fr\u00fchererziehung<\/h4>\n<p>Die Musikkapelle der Freiw. FW Spay bietet f\u00fcr alle interessierten Kinder eine Musikalische Fr\u00fcherziehung an.<\/p>\n<p>Taucht ein in die Welt der Kl\u00e4nge, Rhythmen und Melodien und entdeckt gemeinsam die Freude an der Musik.<\/p>\n<p>In unseren Kursen werden die Kleinen spielerisch an die Welt der Musik herangef\u00fchrt, k\u00f6nnen ihre kreativen F\u00e4higkeiten entfalten und werden auf eine Ausbildung an einem Orchesterinstrument vorbereitet.<\/p>\n<p>Wer kann zum Unterricht kommen?<\/p>\n<p>Kinder ab der 1. Klasse (inkl. Vorschule)<\/p>\n<p>Wie und wo findet der Unterricht statt?<\/p>\n<p>Gruppenunterricht<br \/>\nOrt: Musikh\u00e4uschen in Spay (Dorfplatz)<br \/>\nDonnerstag Nachmittags (au\u00dfer in den Schulferien)<\/p>\n<p>Ein erstes Informationstreffen findet am 07. Mai 2024 um<br \/>\n17:00 Uhr in unserem Musikh\u00e4uschen auf dem Dorfplatz statt.<\/p>\n<p>&nbsp;<\/p>\n<h4><strong>Instrumentalausbildung<\/strong><\/h4>\n<p>&nbsp;<\/p>\n<p style=\"text-align: justify;\">Unsere neuen Jungmusiker werden seit 2011, wenn m\u00f6glich, von qualifizierten Musiklehrerinnen und Musiklehrern der Kreismusikschule Mayen-Koblenz ausgebildet. <a href=\"http:\/\/www.kvmyk.de\/\"><strong>http:\/\/www.kvmyk.de<\/strong><\/a><\/p>\n<p style=\"text-align: justify;\">Durch unsere Mitgliedschaft im Kreismusikverband Mayen-Koblenz gelten f\u00fcr unsere JungmusikerInnen besondere Konditionen bei der Ausbildung an der Kreismusikschule Mayen-Koblenz.<\/p>\n<p style=\"text-align: justify;\">Wenn m\u00f6glich, nutzt der\/die Musiklehrer\/in die R\u00e4umlichkeit unseres Probenraums im vereinseigenen Musikh\u00e4uschen oder Schulr\u00e4ume der \u00f6rtlichen Schulen (z.B. in Spay oder Rhens).<\/p>\n<p style=\"text-align: justify;\">Au\u00dferdem besteht die M\u00f6glichkeit, an der Instrumentalausbildung im Rahmen der Bl\u00e4serklasse des Musikvereins Concordia Rhens teilzunehmen.<\/p>\n<p style=\"text-align: justify;\">Falls kein eigenes Musikinstrument vorhanden ist, kann dieses ggf. vom Verein f\u00fcr eine Leihgeb\u00fchr von 10,00 \u20ac\/mtl. geliehen werden. Eine weitere M\u00f6glichkeit ein Instrument zu erwerben, sind die Leih- oder Mietkaufangebote des <a href=\"http:\/\/www.blaeserstudio.de\/\"><strong>Bl\u00e4serstudios Klein &amp; Jacobs<\/strong><\/a> in Koblenz. Gerne sind wir Ihnen dabei behilflich, das passende Instrument f\u00fcr Sie zu finden.<\/p>\n<p style=\"text-align: justify;\">WICHTIG: Bitte halten Sie VOR dem KAUF eines Instrumentes R\u00fccksprache mit dem\/der Musiklehrer\/in!<\/p>\n<p style=\"text-align: justify;\">Gerne freuen wir uns \u00fcber neue MusikerInnen oder auch erfahrene MusikerInnen, die bereits ein Instrument spielen oder z. B. an einer Bl\u00e4serklasse der Schulen teilnehmen oder teilgenommen haben.<\/p>\n<p style=\"text-align: justify;\">Eine Nachwuchsgruppe tritt unter anderem auf den Martinsz\u00fcgen, Spayer Weihnachtsm\u00e4rkten oder bei Adventsfeiern auf.<\/p>\n<p style=\"text-align: justify;\">Zudem veranstalten wir j\u00e4hrlich einen Jugendausflug f\u00fcr unsere Nachwuchsmusiker. In der Vergangenheit standen dabei z. B. eine Kanufahrt auf der Lahn, ein Besuch im Eislaufcenter Neuwied oder auch ein Zeltwochenende mit Besuch im Schwimmbad, sowie des Barfu\u00dfpfades Bad Sobernheim auf dem Programm.<\/p>\n<p style=\"text-align: justify;\">M\u00f6chten Sie mehr \u00fcber die Ausbildung wissen? Haben Sie Fragen, ab wann, wie und wo die Ausbildung mit welchem Instrument durchgef\u00fchrt werden kann? Dann nehmen Sie mit uns Kontakt auf!<\/p>\n<p>&nbsp;<\/p>\n<h4 style=\"text-align: justify;\">Ansprechpartner hierf\u00fcr sind:<\/h4>\n<table style=\"width: 45.0399%;\">\n<tbody>\n<tr>\n<td style=\"width: 55.3945%;\" width=\"302\"><strong>1. Vorsitzende<\/strong><\/td>\n<td style=\"width: 43.1562%;\" width=\"302\"><strong>Jugendleiter\/in<\/strong><\/td>\n<\/tr>\n<tr>\n<td style=\"width: 55.3945%;\" width=\"302\">Nina Heil<\/td>\n<td style=\"width: 43.1562%;\" width=\"302\"><\/td>\n<\/tr>\n<tr>\n<td style=\"width: 55.3945%;\" width=\"302\">Mainzer Stra\u00dfe 74<\/td>\n<td style=\"width: 43.1562%;\" width=\"302\"><\/td>\n<\/tr>\n<tr>\n<td style=\"width: 55.3945%;\" width=\"302\">56322 Spay<\/td>\n<td style=\"width: 43.1562%;\" width=\"302\"><\/td>\n<\/tr>\n<tr>\n<td style=\"width: 55.3945%;\" width=\"302\"><\/td>\n<td style=\"width: 43.1562%;\" width=\"302\"><\/td>\n<\/tr>\n<tr>\n<td style=\"width: 55.3945%;\" width=\"302\">erste-vorsitzende@musikkapelle-spay.de<\/td>\n<td style=\"width: 43.1562%;\" width=\"302\"><\/td>\n<\/tr>\n<\/tbody>\n<\/table>\n<p style=\"text-align: justify;\">\n","protected":false},"excerpt":{"rendered":"<p>Die musikalische Aus- und Weiterbildung von Jugendlichen ist eine zentrale S\u00e4ule f\u00fcr das Fortbestehen unseres Vereins. Daher bieten wir eine attraktive Instrumentalausbildung f\u00fcr Jung und Alt an. Musikalische Fr\u00fchererziehung Die Musikkapelle der Freiw. FW&#46;&#46;&#46;<\/p>\n","protected":false},"author":2,"featured_media":0,"parent":0,"menu_order":4,"comment_status":"closed","ping_status":"closed","template":"","meta":{"footnotes":""},"class_list":["post-105","page","type-page","status-publish","hentry"],"_links":{"self":[{"href":"https:\/\/www.musikkapelle-spay.de\/wordpress\/wp-json\/wp\/v2\/pages\/105","targetHints":{"allow":["GET"]}}],"collection":[{"href":"https:\/\/www.musikkapelle-spay.de\/wordpress\/wp-json\/wp\/v2\/pages"}],"about":[{"href":"https:\/\/www.musikkapelle-spay.de\/wordpress\/wp-json\/wp\/v2\/types\/page"}],"author":[{"embeddable":true,"href":"https:\/\/www.musikkapelle-spay.de\/wordpress\/wp-json\/wp\/v2\/users\/2"}],"replies":[{"embeddable":true,"href":"https:\/\/www.musikkapelle-spay.de\/wordpress\/wp-json\/wp\/v2\/comments?post=105"}],"version-history":[{"count":45,"href":"https:\/\/www.musikkapelle-spay.de\/wordpress\/wp-json\/wp\/v2\/pages\/105\/revisions"}],"predecessor-version":[{"id":137715,"href":"https:\/\/www.musikkapelle-spay.de\/wordpress\/wp-json\/wp\/v2\/pages\/105\/revisions\/137715"}],"wp:attachment":[{"href":"https:\/\/www.musikkapelle-spay.de\/wordpress\/wp-json\/wp\/v2\/media?parent=105"}],"curies":[{"name":"wp","href":"https:\/\/api.w.org\/{rel}","templated":true}]}}