{"id":137224,"date":"2019-09-18T01:03:23","date_gmt":"2019-09-17T23:03:23","guid":{"rendered":"https:\/\/www.musikkapelle-spay.de\/wordpress\/?page_id=137224"},"modified":"2023-05-30T22:35:30","modified_gmt":"2023-05-30T20:35:30","slug":"links","status":"publish","type":"page","link":"https:\/\/www.musikkapelle-spay.de\/wordpress\/links\/","title":{"rendered":"Links"},"content":{"rendered":"<p><a href=\"http:\/\/feuerwehr-spay.de\" target=\"_blank\" rel=\"noopener noreferrer\">Feuerwehr Spay<\/a><\/p>\n<p>&nbsp;<\/p>\n<p><a href=\"http:\/\/f\u00f6rderverein-spayer-kinder.de\" target=\"_blank\" rel=\"noopener noreferrer\">F\u00f6rderverein Spayer Kinder<\/a><\/p>\n<p>&nbsp;<\/p>\n<p><a href=\"http:\/\/jugendfeuerwehr-spay.de\" target=\"_blank\" rel=\"noopener noreferrer\">Jugendfeuerwehr Spay<\/a><\/p>\n<p>&nbsp;<\/p>\n<p><a href=\"http:\/\/kg-rotweiss-spay.de\" target=\"_blank\" rel=\"noopener noreferrer\">KG Rot-Weiss Spay<\/a><\/p>\n<p>&nbsp;<\/p>\n<p><a href=\"http:\/\/boxeloefter.de\" target=\"_blank\" rel=\"noopener noreferrer\">KG Spayer Boxel\u00f6fter<\/a><\/p>\n<p>&nbsp;<\/p>\n<p><a href=\"http:\/\/fidelemaedcher-spay.de\" target=\"_blank\" rel=\"noopener noreferrer\">M\u00f6hnen \u2013 Fidele M\u00e4dcher<\/a><\/p>\n<p>&nbsp;<\/p>\n<p><a href=\"http:\/\/flotte-bienen-spay.de\" target=\"_blank\" rel=\"noopener noreferrer\">M\u00f6hnen \u2013 Flotte Bienen<\/a><\/p>\n<p>&nbsp;<\/p>\n<p><a href=\"https:\/\/www.mv-friesheim.de\/\" target=\"_blank\" rel=\"noopener noreferrer\">Musikverein Friesheim<\/a><\/p>\n<p>&nbsp;<\/p>\n<p><a href=\"http:\/\/spay.de\" target=\"_blank\" rel=\"noopener noreferrer\">Ortsgemeinde Spay<\/a><\/p>\n<p>&nbsp;<\/p>\n<p><a href=\"http:\/\/spay.fr\" target=\"_blank\" rel=\"noopener noreferrer\">Spay sur Sarthe\/Frankreich<\/a><\/p>\n<p>&nbsp;<\/p>\n<p><a href=\"http:\/\/sv-spay.de\" target=\"_blank\" rel=\"noopener noreferrer\">SV Spay<\/a><\/p>\n<p>&nbsp;<\/p>\n<p><a href=\"https:\/\/www.facebook.com\/unionmusicaledespay\/\" target=\"_blank\" rel=\"noopener noreferrer\">Orchestra&#8216; Spay<\/a><\/p>\n<p>&nbsp;<\/p>\n","protected":false},"excerpt":{"rendered":"<p>Feuerwehr Spay &nbsp; F\u00f6rderverein Spayer Kinder &nbsp; Jugendfeuerwehr Spay &nbsp; KG Rot-Weiss Spay &nbsp; KG Spayer Boxel\u00f6fter &nbsp; M\u00f6hnen \u2013 Fidele M\u00e4dcher &nbsp; M\u00f6hnen \u2013 Flotte Bienen &nbsp; Musikverein Friesheim &nbsp; Ortsgemeinde Spay &nbsp;&#46;&#46;&#46;<\/p>\n","protected":false},"author":2,"featured_media":0,"parent":0,"menu_order":7,"comment_status":"closed","ping_status":"closed","template":"","meta":{"footnotes":""},"class_list":["post-137224","page","type-page","status-publish","hentry"],"_links":{"self":[{"href":"https:\/\/www.musikkapelle-spay.de\/wordpress\/wp-json\/wp\/v2\/pages\/137224","targetHints":{"allow":["GET"]}}],"collection":[{"href":"https:\/\/www.musikkapelle-spay.de\/wordpress\/wp-json\/wp\/v2\/pages"}],"about":[{"href":"https:\/\/www.musikkapelle-spay.de\/wordpress\/wp-json\/wp\/v2\/types\/page"}],"author":[{"embeddable":true,"href":"https:\/\/www.musikkapelle-spay.de\/wordpress\/wp-json\/wp\/v2\/users\/2"}],"replies":[{"embeddable":true,"href":"https:\/\/www.musikkapelle-spay.de\/wordpress\/wp-json\/wp\/v2\/comments?post=137224"}],"version-history":[{"count":6,"href":"https:\/\/www.musikkapelle-spay.de\/wordpress\/wp-json\/wp\/v2\/pages\/137224\/revisions"}],"predecessor-version":[{"id":137606,"href":"https:\/\/www.musikkapelle-spay.de\/wordpress\/wp-json\/wp\/v2\/pages\/137224\/revisions\/137606"}],"wp:attachment":[{"href":"https:\/\/www.musikkapelle-spay.de\/wordpress\/wp-json\/wp\/v2\/media?parent=137224"}],"curies":[{"name":"wp","href":"https:\/\/api.w.org\/{rel}","templated":true}]}}