{"id":305,"date":"2011-03-28T16:25:01","date_gmt":"2011-03-28T16:25:01","guid":{"rendered":"http:\/\/www.musikkapelle-spay.de\/wordpress\/?page_id=305"},"modified":"2026-03-17T18:14:35","modified_gmt":"2026-03-17T17:14:35","slug":"unser-verein","status":"publish","type":"page","link":"https:\/\/www.musikkapelle-spay.de\/wordpress\/wir-uber-uns-2\/unser-verein\/","title":{"rendered":"Unser Verein"},"content":{"rendered":"<p><a href=\"https:\/\/www.musikkapelle-spay.de\/wordpress\/wp-content\/uploads\/2024\/03\/0009580dxo_20240331_1419_cut1_16_9_low.jpg\"><img loading=\"lazy\" decoding=\"async\" class=\"aligncenter wp-image-137641\" src=\"https:\/\/www.musikkapelle-spay.de\/wordpress\/wp-content\/uploads\/2024\/03\/0009580dxo_20240331_1419_cut1_16_9_low.jpg\" alt=\"\" width=\"720\" height=\"405\" srcset=\"https:\/\/www.musikkapelle-spay.de\/wordpress\/wp-content\/uploads\/2024\/03\/0009580dxo_20240331_1419_cut1_16_9_low.jpg 1920w, https:\/\/www.musikkapelle-spay.de\/wordpress\/wp-content\/uploads\/2024\/03\/0009580dxo_20240331_1419_cut1_16_9_low-300x169.jpg 300w, https:\/\/www.musikkapelle-spay.de\/wordpress\/wp-content\/uploads\/2024\/03\/0009580dxo_20240331_1419_cut1_16_9_low-1024x576.jpg 1024w, https:\/\/www.musikkapelle-spay.de\/wordpress\/wp-content\/uploads\/2024\/03\/0009580dxo_20240331_1419_cut1_16_9_low-768x432.jpg 768w, https:\/\/www.musikkapelle-spay.de\/wordpress\/wp-content\/uploads\/2024\/03\/0009580dxo_20240331_1419_cut1_16_9_low-1536x864.jpg 1536w\" sizes=\"auto, (max-width: 720px) 100vw, 720px\" \/><\/a><\/p>\n<p>&nbsp;<\/p>\n<table id=\"Tabelle1\" style=\"width: 100%;\" border=\"1\" cellspacing=\"3\" cellpadding=\"1\">\n<tbody>\n<tr>\n<td width=\"212\" height=\"18\">Wir sind:<\/td>\n<td width=\"584\">Ca. 30 Musikerinnen und Musiker<\/td>\n<\/tr>\n<tr>\n<td width=\"212\">Wir spielen:<\/td>\n<td width=\"584\">traditionelle und moderne Kompositionen<\/td>\n<\/tr>\n<tr>\n<td width=\"212\">Wir proben:<\/td>\n<td width=\"584\">Immer Mittwochs von 19.15 Uhr bis 21.15 Uhr in unserem Musikh\u00e4uschen auf dem Dorfplatz in der N\u00e4he des Feuerwehrhauses.<\/td>\n<\/tr>\n<tr>\n<td width=\"212\">Unsere Besetzung:<\/td>\n<td width=\"584\">Fl\u00f6ten, Klarinetten, Saxophone, Fl\u00fcgelh\u00f6rner, Trompeten, Tenorh\u00f6rner, Posaunen, Tuben, Schlagzeug, Percussion<\/td>\n<\/tr>\n<tr>\n<td width=\"212\">Unsere Aktivit\u00e4ten:<\/td>\n<td width=\"584\">Mitgestaltung von \u00f6rtlichen Festen und Feierlichkeiten, Konzerte im Ort, in der Region sowie die Durchf\u00fchrung von Jugendfreizeiten und geselligen Veranstaltungen.<\/td>\n<\/tr>\n<tr>\n<td width=\"212\">Vereinszweck:<\/td>\n<td width=\"584\">Erhaltung, Pflege und F\u00f6rderung der Volksmusik und des heimatlichen Brauchtums sowie die musikalische Aus- und Weiterbildung von Jung und Alt.<\/td>\n<\/tr>\n<tr>\n<td width=\"212\" height=\"21\">Unser Ziel:<\/td>\n<td width=\"584\">Eine wohlklingende, ausgewogene, erweiterte, gro\u00dfe Harmoniebesetzung in guter Kameradschaft.<\/td>\n<\/tr>\n<tr>\n<td width=\"212\">Unsere Bitte:<\/td>\n<td width=\"584\">Musizieren Sie mit uns, besuchen Sie unsere Veranstaltungen, werden Sie aktives oder inaktives Mitglied der Musikkapelle der Freiwilligen Feuerwehr Spay e.V.<\/td>\n<\/tr>\n<\/tbody>\n<\/table>\n<p>&nbsp;<\/p>\n","protected":false},"excerpt":{"rendered":"<p>&nbsp; Wir sind: Ca. 30 Musikerinnen und Musiker Wir spielen: traditionelle und moderne Kompositionen Wir proben: Immer Mittwochs von 19.15 Uhr bis 21.15 Uhr in unserem Musikh\u00e4uschen auf dem Dorfplatz in der N\u00e4he des&#46;&#46;&#46;<\/p>\n","protected":false},"author":2,"featured_media":0,"parent":24,"menu_order":1,"comment_status":"closed","ping_status":"closed","template":"","meta":{"footnotes":""},"class_list":["post-305","page","type-page","status-publish","hentry"],"_links":{"self":[{"href":"https:\/\/www.musikkapelle-spay.de\/wordpress\/wp-json\/wp\/v2\/pages\/305","targetHints":{"allow":["GET"]}}],"collection":[{"href":"https:\/\/www.musikkapelle-spay.de\/wordpress\/wp-json\/wp\/v2\/pages"}],"about":[{"href":"https:\/\/www.musikkapelle-spay.de\/wordpress\/wp-json\/wp\/v2\/types\/page"}],"author":[{"embeddable":true,"href":"https:\/\/www.musikkapelle-spay.de\/wordpress\/wp-json\/wp\/v2\/users\/2"}],"replies":[{"embeddable":true,"href":"https:\/\/www.musikkapelle-spay.de\/wordpress\/wp-json\/wp\/v2\/comments?post=305"}],"version-history":[{"count":15,"href":"https:\/\/www.musikkapelle-spay.de\/wordpress\/wp-json\/wp\/v2\/pages\/305\/revisions"}],"predecessor-version":[{"id":137710,"href":"https:\/\/www.musikkapelle-spay.de\/wordpress\/wp-json\/wp\/v2\/pages\/305\/revisions\/137710"}],"up":[{"embeddable":true,"href":"https:\/\/www.musikkapelle-spay.de\/wordpress\/wp-json\/wp\/v2\/pages\/24"}],"wp:attachment":[{"href":"https:\/\/www.musikkapelle-spay.de\/wordpress\/wp-json\/wp\/v2\/media?parent=305"}],"curies":[{"name":"wp","href":"https:\/\/api.w.org\/{rel}","templated":true}]}}