{"id":319,"date":"2011-03-28T17:49:01","date_gmt":"2011-03-28T17:49:01","guid":{"rendered":"http:\/\/www.musikkapelle-spay.de\/wordpress\/?page_id=319"},"modified":"2011-03-28T17:49:01","modified_gmt":"2011-03-28T17:49:01","slug":"1970-1979","status":"publish","type":"page","link":"https:\/\/www.musikkapelle-spay.de\/wordpress\/wir-uber-uns-2\/chronik\/1970-1979\/","title":{"rendered":"1970-1979"},"content":{"rendered":"<h4>1970<\/h4>\n<p>August:<\/p>\n<p>Das 10-j\u00e4hriges Jubil\u00e4um wird zusammen mit der Kirmes im Oberdorf gefeiert<\/p>\n<h4>1971<\/h4>\n<p>4. April:<\/p>\n<p>Der erste Altentag der Gemeinde Spay wird musikalisch umrahmt<\/p>\n<h4>1972<\/h4>\n<p>6. Mai:<\/p>\n<p>Die Kirmes in Stolzenfels wird erstmals musikalisch mitgestaltet<\/p>\n<p>14. Mai:<\/p>\n<p>Zum ersten Mal bei einem Promenadenkonzert in Boppard<\/p>\n<h4>1973<\/h4>\n<p>3. Juni:<\/p>\n<p>Vereinsausflug nach Attendorn (Tropfsteinh\u00f6hle)<\/p>\n<h4>1974<\/h4>\n<p>10. Mai:<\/p>\n<p>Musikkapelle und Kirmeshelfer 3-Tagesfahrt nach Altglash\u00fctten<\/p>\n<p>Von anfangs 3 weiblichen Auszubildenden wird Christa Nickenig als einzige und damit erste Musikerin bei den Aktiven aufgenommen<\/p>\n<h4>1975<\/h4>\n<p>August:<\/p>\n<p>15-j\u00e4hriges Jubil\u00e4um zusammen mit der Kirmes, Schirmherr: VG-B\u00fcrgermeister Gickler, Sonntags erstmalig ein musikalischer Fr\u00fchschoppen im Festzelt<\/p>\n<p>5. Oktober:<\/p>\n<p>Gemeinsamer Auftritt mit dem Musikvereinen aus Rhens und Waldesch beim Heimatfest in Brey, Leitung Willi Schmidt<\/p>\n<h4>1976<\/h4>\n<p>31. Januar:<\/p>\n<p>Auf der Jahreshauptversammlung wird der Mitgliederstand wie folgt angegeben: 168 Inaktive, 30 aktive Musiker und 16 Auszubildende<\/p>\n<p>August:<\/p>\n<p>Anl\u00e4sslich der Kirmes spielt die bekannte Band \u201eTake Seven\u201c, bei der auch unsere Aktiven Richard und Detlef Helbach mitwirken.<\/p>\n<p>26. September:<\/p>\n<p>HARIBO-Feuerwehrparty in Bonn musikalisch gestaltet<\/p>\n<h4>1977<\/h4>\n<p>17.-19. Juni:<\/p>\n<p>Vereinsausflug nach Monschau mit Besuch in Br\u00fcssel<\/p>\n<h4>1978<\/h4>\n<p>28. Oktober:<\/p>\n<p>Der 1. Vorsitzende Alfred Kapellen, unser 1. Trompeter, stirbt pl\u00f6tzlich und unerwartet.<\/p>\n<h4>1979<\/h4>\n<p>18. Januar:<\/p>\n<p>Mit einer Stimme Mehrheit wird Richard Schweikert zum 1. Vorsitzenden gew\u00e4hlt.<\/p>\n<p>25. Februar:<\/p>\n<p>Wir musizieren beim Fastnachtszug auf einem geschm\u00fcckten Tieflader<\/p>\n<p>7. April:<\/p>\n<p>F\u00fcr die Jugendlichen wird erstmals ein Spielnachmittag veranstaltet.<\/p>\n<p>20. Mai:<\/p>\n<p>Neue Uniform, graues Sakko, erstmals in Winningen anl\u00e4sslich der Rhein-Mosel-Eifeltage getragen<\/p>\n","protected":false},"excerpt":{"rendered":"<p>1970 August: Das 10-j\u00e4hriges Jubil\u00e4um wird zusammen mit der Kirmes im Oberdorf gefeiert 1971 4. April: Der erste Altentag der Gemeinde Spay wird musikalisch umrahmt 1972 6. Mai: Die Kirmes in Stolzenfels wird erstmals&#46;&#46;&#46;<\/p>\n","protected":false},"author":2,"featured_media":0,"parent":118,"menu_order":1970,"comment_status":"closed","ping_status":"closed","template":"","meta":{"footnotes":""},"class_list":["post-319","page","type-page","status-publish","hentry"],"_links":{"self":[{"href":"https:\/\/www.musikkapelle-spay.de\/wordpress\/wp-json\/wp\/v2\/pages\/319","targetHints":{"allow":["GET"]}}],"collection":[{"href":"https:\/\/www.musikkapelle-spay.de\/wordpress\/wp-json\/wp\/v2\/pages"}],"about":[{"href":"https:\/\/www.musikkapelle-spay.de\/wordpress\/wp-json\/wp\/v2\/types\/page"}],"author":[{"embeddable":true,"href":"https:\/\/www.musikkapelle-spay.de\/wordpress\/wp-json\/wp\/v2\/users\/2"}],"replies":[{"embeddable":true,"href":"https:\/\/www.musikkapelle-spay.de\/wordpress\/wp-json\/wp\/v2\/comments?post=319"}],"version-history":[{"count":1,"href":"https:\/\/www.musikkapelle-spay.de\/wordpress\/wp-json\/wp\/v2\/pages\/319\/revisions"}],"predecessor-version":[{"id":320,"href":"https:\/\/www.musikkapelle-spay.de\/wordpress\/wp-json\/wp\/v2\/pages\/319\/revisions\/320"}],"up":[{"embeddable":true,"href":"https:\/\/www.musikkapelle-spay.de\/wordpress\/wp-json\/wp\/v2\/pages\/118"}],"wp:attachment":[{"href":"https:\/\/www.musikkapelle-spay.de\/wordpress\/wp-json\/wp\/v2\/media?parent=319"}],"curies":[{"name":"wp","href":"https:\/\/api.w.org\/{rel}","templated":true}]}}