{"id":322,"date":"2011-03-28T18:08:13","date_gmt":"2011-03-28T18:08:13","guid":{"rendered":"http:\/\/www.musikkapelle-spay.de\/wordpress\/?page_id=322"},"modified":"2011-03-28T18:08:13","modified_gmt":"2011-03-28T18:08:13","slug":"1980-1989","status":"publish","type":"page","link":"https:\/\/www.musikkapelle-spay.de\/wordpress\/wir-uber-uns-2\/chronik\/1980-1989\/","title":{"rendered":"1980-1989"},"content":{"rendered":"<h4>1980<\/h4>\n<p>Februar:<\/p>\n<p>Der Ehrendirigent Johann Staaden erkl\u00e4rt seinen R\u00fccktritt als Vizedirigent und Jugendausbilder.<\/p>\n<p>Die Jugendausbildung \u00fcbernehmen Franz-Josef Schweikert, sowie J\u00fcrgen und Markus Deinet. Die Vizedirigentschaft \u00fcbernimmt Michael Nickenig.<\/p>\n<p>15.-18. August:<\/p>\n<p>20-j\u00e4hriges Jubil\u00e4um zusammen mit der Kirmes im Oberdorf.<\/p>\n<p>Der Fr\u00fchschoppen am Sonntagmorgen gestaltet das Polizeimusikkorps Rheinland-Pfalz unter der Leitung von Herbert<\/p>\n<p>Ziegler.<\/p>\n<p>17. November:<\/p>\n<p>Die neugefasste Satzung (Jugendvertreter) wird von der au\u00dferordentlichen Jahreshauptversammlung verabschiedet.<\/p>\n<p>Markus Deinet wird erster satzungsm\u00e4\u00dfiger Jugendvertreter.<\/p>\n<h4>1981<\/h4>\n<p>17. Januar:<\/p>\n<p>Walter Kemp und Helmut G\u00fcnther schlagen auf der Jahreshauptversammlung vor, die ehemalige Markthalle zusammen mit der KG Spayer Boxel\u00f6fter zu mieten.<\/p>\n<p>19. Februar:<\/p>\n<p>F\u00fcr das Projekt Dorfhalle werden seitens der Musikkapelle der FFw Spay e.V. Horst Alt, Manfred Kr\u00e4mer und Richard<\/p>\n<p>Schweikert in den Hallenausschuss delegiert.<\/p>\n<p>Februar:<\/p>\n<p>Unsere Aktiven Silvia und Walter Gr\u00e4f bilden das Spayer Prinzenpaar. Wir bringen im Alten Posthof ein St\u00e4ndchen als<\/p>\n<p>Damenkapelle kost\u00fcmiert.<\/p>\n<p>9. M\u00e4rz:<\/p>\n<p>Der Vorstand billigt den Mietvertragsentwurf f\u00fcr die Dorfhalle. Mieter sind die Musikkapelle und die KG Spayer Boxel\u00f6fter, Vermieter sind Anna und Erwin Reuter.<\/p>\n<p>4. April:<\/p>\n<p>Die Arbeiten, Eigenleistung zur Renovierung und Neugestaltung der ehemaligen Markthalle, zuletzt als Sauna-Bau genutzt, beginnen. Die Bauleitung obliegt Walter Alt, mit Unterst\u00fctzung von Richard Schweikert und Manfred Kr\u00e4mer.<\/p>\n<p>3.-5. Mai:<\/p>\n<p>Helfertour nach Lo\u00dfburg im Schwarzwald<\/p>\n<p>14. November:<\/p>\n<p>Richtfest in der Dorfhalle.<\/p>\n<h4>1982<\/h4>\n<p>16. Januar:<\/p>\n<p>Einweihung der Dorfhalle unter Mitwirkung der Ortsvereine. Die Einsegnung wird von Pater Walter Gr\u00e4f vorgenommen.<\/p>\n<p>27. Februar:<\/p>\n<p>Die Ausbildung der Blechbl\u00e4ser \u00fcbernimmt Michael Nickenig, nachdem er sich beim Landesmusikverband zum \u201eLeiter von Blasorchestern\u201c qualifiziert hat<\/p>\n<p>6. M\u00e4rz:<\/p>\n<p>Mit Silvia Gr\u00e4f wird erstmals eine Frau als 1. Beisitzer in den Vorstand gew\u00e4hlt<\/p>\n<p>21. Mai:<\/p>\n<p>Die Jugendlichen w\u00e4hlen Jutta Konrad zum 1. weiblichen Jugendvertreter<\/p>\n<p>14. August:<\/p>\n<p>Mit der franz\u00f6sischen Nationalhymne empfangen wir erstmals die G\u00e4ste aus unserer Partnergemeinde<\/p>\n<p>Spay\/Sarthe. Die Oberd\u00f6rfer Kirmes wird nun in der Dorfhalle gefeiert<\/p>\n<p>27.-29. August:<\/p>\n<p>1. Musikertour nach Friedrichshafen.<\/p>\n<p>9.-10. Oktober:<\/p>\n<p>Erstmals findet ein von der Musikkapelle veranstaltetes Oktoberfest in der Dorfhalle statt<\/p>\n<h4>1983<\/h4>\n<p>26. Februar:<\/p>\n<p>Die Jahreshauptversammlung w\u00e4hlt Heinz Alt zum 1. Vorsitzenden des Vereines<\/p>\n<p>Juni:<\/p>\n<p>50 Jahre Feuerwehr Spay<\/p>\n<p>15.-16. Oktober:<\/p>\n<p>Zweites Oktoberfest in der Dorfhalle, unter Mitwirkung der Trachtengruppe aus Gersthofen bei Augsburg<\/p>\n<p>16. Dezember:<\/p>\n<p>Die Beschaffung von vier neuen Posaunen, eine Monke-Trompete und eines BTenor Saxophones hat die Vereinskasse sehr in Anspruch genommen.<\/p>\n<h4>1984<\/h4>\n<p>25. Februar:<\/p>\n<p>Beim Brautamt unserer Aktiven Gudrun Kemp und Horst Wahl spielen wir zum ersten Mal im Chorraum vor dem Altar<\/p>\n<p>8. April:<\/p>\n<p>1. Fr\u00fchjahrskonzert in der Alten Kirche mit konzertantem Programm<\/p>\n<p>3. August:<\/p>\n<p>Gemeinsam mit dem SZ Frei-Weg Boppard f\u00fchren wir erstmals den Gro\u00dfen Zapfenstreich beim Sch\u00fctzenfest in Ko-Urbar auf<\/p>\n<p>20.-21. Oktober:<\/p>\n<p>3. Oktoberfest in der Dorfhalle mit der Funkengarde Spay, den Fr\u00f6hlichen Vier, und dem Baudobriga-Ballett aus Boppard<\/p>\n<h4>1985<\/h4>\n<p>30. M\u00e4rz:<\/p>\n<p>Walter Kemp, langj\u00e4hriges Vorstandsmitglied und Saxophonist ist pl\u00f6tzlich und unerwartet verstorben<\/p>\n<p>24. Mai:<\/p>\n<p>Mit dem Freundeskreis Spay am Rhein \/ Spay sur Sarthe fahren wir erstmals zum Pfingsttreffen nach Frankreich.<\/p>\n<p>Es ist quasi die zweite Musikertour in der Vereinsgeschichte<\/p>\n<p>16.-19. August:<\/p>\n<p>25-j\u00e4hriges Jubil\u00e4um zusammen mit der Oberd\u00f6rfer Kirmes. In Spay wird zum ersten Mal der Gro\u00dfe<\/p>\n<p>Zapfenstreich aufgef\u00fchrt. Die Samstagabendmesse wird von uns erstmals mit der Deutschen Messe von Schubert<\/p>\n<p>musikalisch gestaltet. Zum Tanz in der Dorfhalle spielt die \u201eErica Kapell\u201c aus Holland<\/p>\n<p>1.-3. November:<\/p>\n<p>Helfertour nach Seebach im Schwarzwald<\/p>\n<h4>1986<\/h4>\n<p>August:<\/p>\n<p>Anl\u00e4sslich der Kirmes gibt die \u201eLancashire Schools\u2018 Symphonic Wind Band\u201c am Sonntag in der Dorfhalle ein hervorragendes Konzert.<\/p>\n<p>17.-18. Oktober:<\/p>\n<p>Oktoberfest in der Dorfhalle mit der \u201eErica Kapell\u201c<\/p>\n<h4>1987<\/h4>\n<p>27.-28. M\u00e4rz:<\/p>\n<p>Fahrt nach Gersthofen, dort Gestaltung des Heimatabends der Trachtengruppe<\/p>\n<p>18. Mai:<\/p>\n<p>25-j\u00e4hriges Dienstjubil\u00e4um von Willi Schmidt. Der Vorstand gratuliert mit einem St\u00e4ndchen auf der Karthause<\/p>\n<p>18. Juni:<\/p>\n<p>Zum ersten Mal findet in Spay keine Fronleichnamsprozession statt. Wir spielen einige Chor\u00e4le auf dem Schiff nach Brey. Dort ist die Messe f\u00fcr Spay, Brey und Rhens<\/p>\n<p>6. September:<\/p>\n<p>Auf der Weinwerbewoche in Essen gestalten wir ein Platzkonzert. W\u00e4hrend der Fahrt h\u00f6ren wir im Radio \u201eMorgenl\u00e4uten aus Spay\u201c mit der Einblendung eines Musikvortrages von uns.<\/p>\n<h4>1988<\/h4>\n<p>17.-19.Juni:<\/p>\n<p>10-j\u00e4hriges Jubil\u00e4um der UNION MUSICALE DE SPAY, Festkonzert gemeinsam mit den beiden Blasorchestern aus Spay, und dem Madrigalchor von Le Mans. Wir erhalten eine handgefertigte Partnerschaftsurkunde<\/p>\n<p>15.-16. Oktober:<\/p>\n<p>4. Oktoberfest in der Dorfhalle unter Mitwirkung der Trachtengruppe aus Gersthofen<\/p>\n<p>18.-20. November:<\/p>\n<p>Helfertour nach Oberharmersbach<\/p>\n<h4>1989<\/h4>\n<p>21. Januar:<\/p>\n<p>Als Scheichs kost\u00fcmiert gestalten wir das Finale der 1. Boxel\u00f6fter Kappensitzung, da unsere Aktiven Jutta und Thomas Fregona als Prinzenpaar regieren.<\/p>\n<p>Februar\/M\u00e4rz:<\/p>\n<p>Erstmals besuchen die Jungmusiker Martin Bartmann, Michaela Nickenig und Ute Zimmermann einen Lehrgang des Landesmusikverbandes<\/p>\n<p>28. Oktober:<\/p>\n<p>1. Bierfest in der Dorfhalle f\u00fcr eine englische Reisegesellschaft<\/p>\n","protected":false},"excerpt":{"rendered":"<p>1980 Februar: Der Ehrendirigent Johann Staaden erkl\u00e4rt seinen R\u00fccktritt als Vizedirigent und Jugendausbilder. Die Jugendausbildung \u00fcbernehmen Franz-Josef Schweikert, sowie J\u00fcrgen und Markus Deinet. Die Vizedirigentschaft \u00fcbernimmt Michael Nickenig. 15.-18. August: 20-j\u00e4hriges Jubil\u00e4um zusammen mit&#46;&#46;&#46;<\/p>\n","protected":false},"author":2,"featured_media":0,"parent":118,"menu_order":1980,"comment_status":"closed","ping_status":"closed","template":"","meta":{"footnotes":""},"class_list":["post-322","page","type-page","status-publish","hentry"],"_links":{"self":[{"href":"https:\/\/www.musikkapelle-spay.de\/wordpress\/wp-json\/wp\/v2\/pages\/322","targetHints":{"allow":["GET"]}}],"collection":[{"href":"https:\/\/www.musikkapelle-spay.de\/wordpress\/wp-json\/wp\/v2\/pages"}],"about":[{"href":"https:\/\/www.musikkapelle-spay.de\/wordpress\/wp-json\/wp\/v2\/types\/page"}],"author":[{"embeddable":true,"href":"https:\/\/www.musikkapelle-spay.de\/wordpress\/wp-json\/wp\/v2\/users\/2"}],"replies":[{"embeddable":true,"href":"https:\/\/www.musikkapelle-spay.de\/wordpress\/wp-json\/wp\/v2\/comments?post=322"}],"version-history":[{"count":2,"href":"https:\/\/www.musikkapelle-spay.de\/wordpress\/wp-json\/wp\/v2\/pages\/322\/revisions"}],"predecessor-version":[{"id":324,"href":"https:\/\/www.musikkapelle-spay.de\/wordpress\/wp-json\/wp\/v2\/pages\/322\/revisions\/324"}],"up":[{"embeddable":true,"href":"https:\/\/www.musikkapelle-spay.de\/wordpress\/wp-json\/wp\/v2\/pages\/118"}],"wp:attachment":[{"href":"https:\/\/www.musikkapelle-spay.de\/wordpress\/wp-json\/wp\/v2\/media?parent=322"}],"curies":[{"name":"wp","href":"https:\/\/api.w.org\/{rel}","templated":true}]}}