{"id":329,"date":"2011-03-28T18:46:03","date_gmt":"2011-03-28T18:46:03","guid":{"rendered":"http:\/\/www.musikkapelle-spay.de\/wordpress\/?page_id=329"},"modified":"2011-03-28T18:46:03","modified_gmt":"2011-03-28T18:46:03","slug":"2000-2009","status":"publish","type":"page","link":"https:\/\/www.musikkapelle-spay.de\/wordpress\/wir-uber-uns-2\/chronik\/2000-2009\/","title":{"rendered":"2000-2009"},"content":{"rendered":"<h4>2000<\/h4>\n<p>18. M\u00e4rz:<\/p>\n<p>Bekanntgabe auf der Jahreshauptversammlung: Die Baugenehmigung f\u00fcr die Erweiterung bzw. den Umbau des Musikh\u00e4uschens wurde erteilt<\/p>\n<p>20.-21. Mai:<\/p>\n<p>Musikalische Gestaltung der Er\u00f6ffnung und Siegerehrung der Bundesdeutschen Skatmeisterschaften, organisiert durch den Skatverein Spay im Golfhotel Jakobsberger Hof<\/p>\n<p>9.-12. Juni:<\/p>\n<p>40-j\u00e4hriges Stiftungsfest in Verbindung mit Kreismusikfest auf dem Dorfplatz. Freitags Festkommers mit Gro\u00dfem Zapfenstreich. Samstags Gemeinschaftskonzert mit der Union Musicale de Spay\/Sarthe anschlie\u00dfend unterhielten Die lustigen Dorfmusikanten. Sonntags: Kreismusikfest und Partnerschaftsabend mit der Tanz- und Showband Hommen.<\/p>\n<p>2. Juli:<\/p>\n<p>Musikalische Gestaltung des Abholens am Elternhaus und Fu\u00dfweg zur Alten Kirche anl\u00e4sslich der Heimatprimiz von Patrick Ringhausen.<\/p>\n<p>18.\u201321. August:<\/p>\n<p>Durchf\u00fchrung der Kirmes im Oberdorf durch die Musikkapelle<\/p>\n<p>27. August:<\/p>\n<p>Musikalische Gestaltung des Fr\u00fchschoppens anl\u00e4sslich des Jubil\u00e4ums 75 Jahre Feuerwehr Stolzenfels<\/p>\n<p>8. September:<\/p>\n<p>Musikalische Umrahmung des Richtfestes des Gemeindezentrums Spay<\/p>\n<p>17. September:<\/p>\n<p>Musikalischer Fr\u00fchschoppen auf der Kirmes im Unterdorf Daten zum neuen Musikh\u00e4uschen:<\/p>\n<p>16. Juni Abriss, 30. Juni Baubeginn, 22.07. Gie\u00dfen der Bodenplatte, 28.7. Beginn der Mauerarbeiten, 20. August Grundsteinlegung, 25.08. Richtfest, 26.01. Fertigbauabnahme. W\u00e4hrend der gesamten Zeit fanden die Proben im Schulungsraum des Feuerwehrger\u00e4tehauses statt.<\/p>\n<h4>2001<\/h4>\n<p>1. April:<\/p>\n<p>8. Fr\u00fchjahrskonzert in der Dorfhalle. Zum 2. Mal ist die Halle total ausverkauft.<\/p>\n<p>19. Mai:<\/p>\n<p>Einweihung unseres neuen Musikh\u00e4uschens<\/p>\n<p>15. Juni:<\/p>\n<p>Kreismusikfest in Langenfeld. Auff\u00fchrung des Gro\u00dfen Zapfenstreiches.<\/p>\n<p>17.-20. August:<\/p>\n<p>Die Oberd\u00f6rfer Kirmes mit der Tanz- und Showband Hommen,<\/p>\n<p>29. September:<\/p>\n<p>Musikalische Gestaltung der Einweihung des Gemeindezentrums Spay<\/p>\n<p>27. Oktober:<\/p>\n<p>Verabschiedung von Manfred Kr\u00e4mer als Wehrleiter der Verbandsgemeinde Rhens<\/p>\n<p>1.-3.November:<\/p>\n<p>Musikertour nach Wernigerode im Harz<\/p>\n<p>19. November:<\/p>\n<p>Kirchenmusikalisches Konzert in der Pfarrkirche zu Gunsten der Renovierung der Kirchenorgel<\/p>\n<h4>2002<\/h4>\n<p>Fronleichnam: Erster Familientag im Anschluss an die Musikalische Gestaltung der Fronleichnamsprozession.<\/p>\n<p>16.-19. August: Kirmes im Oberdorf: Samstagabend, Tanzparty mit der Tanz- und Showband<\/p>\n<p>Hommen in der Dorfhalle. Sonntags erstmals ein \u201erichtiges\u201c Mittagessen aus der neuen Imbissh\u00fctte<\/p>\n<p>der Musikkapelle, erbaut von Adolf M\u00fcller, Richard Schweikert, Ludwig Spitzlay und Stefan<\/p>\n<p>Va\u00dfen<\/p>\n<p>15. Dezember: Musikalische Gestaltung der Einf\u00fchrung von Pfarrer Heiner Schuhmacher in Spay.<\/p>\n<h4>2003<\/h4>\n<p>28.-30. M\u00e4rz:<\/p>\n<p>Orchesterwochenende in der Jugendherberge Windeck-Rosbach<\/p>\n<p>5. April:<\/p>\n<p>Musikalische Gestaltung der Einweihung des Robert-Lauer-Platzes am Gemeindezentrum<\/p>\n<p>6. April:<\/p>\n<p>9. Fr\u00fchjahrskonzert, erstmals in der ausverkauften Schottelhalle. (BILD 01) Seit langer Zeit tritt ein Nachwuchsorchester unter der Leitung von Michael Nickenig auf. (BILD 02)<\/p>\n<p>18.-21. April:<\/p>\n<p>Fahrt nach Frankreich zur Union Musicale de Spay sur Sarthe. (BILD 03) Gemeinschaftskonzert im Centre de Sport \u201eFerdinand Tavo\u201c (BILD 04)<\/p>\n<p>12. Mai:<\/p>\n<p>Michael Nickenig erh\u00e4lt die Ehrennadel des Landes Rheinland-Pfalz f\u00fcr sein langj\u00e4hriges ehrenamtliches Schaffen insbesondere der Jugendausbildung in der Musikkapelle<\/p>\n<p>20. Juli:<\/p>\n<p>Musikalische Gestaltung des Abschlussgottesdienstes des Zeltlagers der Kreisjugendfeuerwehren in Schauren<\/p>\n<p>15.-18. August:<\/p>\n<p>Kirmes im Oberdorf<\/p>\n<p>5. Oktober:<\/p>\n<p>Helfertour nach Brohl und von dort mit der Vulkanbahn nach Engeln<\/p>\n<p>BILD 01<\/p>\n<p>BILD 03<\/p>\n<p>BILD 02<\/p>\n<p>BILD 04<\/p>\n<h4>2004<\/h4>\n<p>7. Februar:<\/p>\n<p>Musikalische Gestaltung auf der 2. Kappensitzung der KG Spayer Boxel\u00f6fter als Hofkapelle unserer Klarinettistin Nina I. von der spritzigen Klarinette und Prinz Peter I. von der feurigen Wehr.<\/p>\n<p>14. M\u00e4rz:<\/p>\n<p>Benefizkonzert zu Gunsten der Aktion Direkthilfe zu Gunsten notleidender Kinder in Mazedonien unter Mitwirkung vieler Vereine.<\/p>\n<p>17. Juli:<\/p>\n<p>Musikalische Gestaltung des Rheinuferfestes in Boppard<\/p>\n<p>19.-22. August:<\/p>\n<p>Die Oberd\u00f6rfer Kirmes wird wegen Umgestaltung des Dorfplatzes im Feuerwehrhaus auf dem Vorplatz zur Mainzer Stra\u00dfe durchgef\u00fchrt.<\/p>\n<p>19. September:<\/p>\n<p>Musikalische Gestaltung des Fr\u00fchschoppens am Pfarrfest zum 100-j\u00e4hrigen Jubil\u00e4um der Pfarrkirche St. Lambertus<\/p>\n<h4>2005<\/h4>\n<p>6. Februar:<\/p>\n<p>Schwerdonnerstag St\u00e4ndchen f\u00fcr die Oberm\u00f6hn Inge I. vom flinken Eisen in der Dorfhalle<\/p>\n<p>18. Februar:<\/p>\n<p>45 Jahre Musikkapelle<\/p>\n<p>4.-6. M\u00e4rz:<\/p>\n<p>Orchesterwochenende im Kloster Arnstein<\/p>\n<p>13. M\u00e4rz:<\/p>\n<p>10. Fr\u00fchjahrskonzert in der Schottelhalle<\/p>\n<p>20. Mai:<\/p>\n<p>Musikalische Gestaltung der Einweihung des Schiffermastes und des Dorfplatzes nach der Neugestaltung.<\/p>\n<p>21. Mai:<\/p>\n<p>Teilnahme am Blasmusikfestival Oberfell mit Teilnahme am Sternmarsch und anschlie\u00dfendem Massenchor mit 250 Musikern<\/p>\n<p>19.-22. August:<\/p>\n<p>Kirmes im Oberdorf auf dem neu gestalteten Dorfplatz.<\/p>\n<p>29.-31. Oktober:<\/p>\n<p>Partnerschaftstreffen mit der Union Musicale de Spay\/Sarthe in der Schottelhalle mit Gemeinschaftskonzert<\/p>\n<h4>2006<\/h4>\n<p>5. Februar:<\/p>\n<p>Musikalische Gestaltung der Jubil\u00e4umsveranstaltung 5&#215;11 Jahre Fidele M\u00e4dcher<\/p>\n<p>11. M\u00e4rz:<\/p>\n<p>Heinz Alt wird zum 1. Vorsitzenden gew\u00e4hlt.<\/p>\n<p>28. April:<\/p>\n<p>Musikalische Gl\u00fcckw\u00fcnsche beim Festkommers 50 Jahre SV Spay<\/p>\n<p>6. Mai:<\/p>\n<p>Tag der Blasmusik \u2013 \u201eWIR 2006\u201c \u2013 Platzkonzert auf der Terrasse des Rheinhotels \u201eZum Anker\u201c<\/p>\n<p>18.-21.August:<\/p>\n<p>Kirmes im Oberdorf bei verregnetem und kaltem Wetter<\/p>\n<p>25. August:<\/p>\n<p>Musikalische Mitwirkung beim Kreismusikfest 2006 in Rhens anl\u00e4sslich des Jubil\u00e4ums 75 Jahre MV Concordia Rhens<\/p>\n<p>17. September:<\/p>\n<p>Gestaltung des Fr\u00fchschoppens anl\u00e4sslich der Kirmes in Niederspay vor dem Gemeindezentrum.<\/p>\n<p>30. September:<\/p>\n<p>Vereinswanderung zu Rosi\u2019s Wanderstube nach H\u00fcnenfeld<\/p>\n<p>16. Dezember:<\/p>\n<p>Musikalische Gestaltung des Weihnachtsmarktes und der \u00dcbergabe von 3 Feuerwehr-Fahrzeugen auf dem Dorfplatz.<\/p>\n<h4>2007<\/h4>\n<p>6. Januar:<\/p>\n<p>Musikalische Gl\u00fcckw\u00fcnsche anl\u00e4sslich des Jubil\u00e4ums 5&#215;11 Jahre Flotte Bienen<\/p>\n<p>3. M\u00e4rz:<\/p>\n<p>Auf der Jahreshauptversammlung wird die neu an die Grunds\u00e4tze des Musikverbandes angepasste Satzung einstimmig angenommen.<\/p>\n<p>16-18. M\u00e4rz:<\/p>\n<p>Orchesterwochenende zum 2. Mal im Kloster Arnstein<\/p>\n<p>25. M\u00e4rz:<\/p>\n<p>11. Fr\u00fchjahrskonzert in der Schottelhalle<\/p>\n<p>6. Mai:<\/p>\n<p>Kirmes in Stolzenfels<\/p>\n<p>2. Juni:<\/p>\n<p>Musikalische Begr\u00fc\u00dfung im Pfarrheim anl\u00e4sslich der Einf\u00fchrung des neuen Pastors Stefan Feldhausen in Spay<\/p>\n<p>17.-20. August:<\/p>\n<p>Kirmes im Oberdorf mit dem allj\u00e4hrlichen Fr\u00fchschoppen am Kirmesmontag im Biergarten des Hotels Alter Posthof unter Mitwirkung des M\u00e4nnerchors Spay und der Musikkapelle<\/p>\n<p>16. September:<\/p>\n<p>Musikalische Gestaltung des Fr\u00fchschoppens der \u201eUnterd\u00f6rfer\u201c Kirmes<\/p>\n<p>29.\u201330. September:<\/p>\n<p>Helfertour nach Hochstetten\/Dhaun mit der Besichtigung des Bergwerkes Fischbach der Stadt Herrstein, einem gem\u00fctlichen Abend in Hochstetten\/Dhaun sowie dem sonnt\u00e4glichen Besuch des Freilichtmuseums Bad Sobernheim.<\/p>\n<h4>2008<\/h4>\n<p>6. Januar:<\/p>\n<p>n\u00e4rrisches St\u00e4ndchen anl\u00e4sslich des 75-j\u00e4hrigen Bestehens der KG Spayer Boxel\u00f6fter in der Dorfhalle<\/p>\n<p>20. April:<\/p>\n<p>Musikalisches St\u00e4ndchen anl\u00e4sslich des Jubil\u00e4ums 100 Jahre M\u00e4nnergesangverein in der Dorfhalle.<\/p>\n<p>4. Mai:<\/p>\n<p>Traditionelle Gestaltung der Kirmes in Koblenz-Stolzenfels<\/p>\n<p>9.-12. Mai:<\/p>\n<p>25 Jahre deutsch-franz\u00f6sische Partnerschaft Spay\/Rhein \u2013 Spay\/Sarthe, 20 Jahre Partnerschaft der Musikkapellen beider Gemeinden Gemeinschaftskonzert am Samstagabend in der Schottelhalle<\/p>\n<p>6. Juni:<\/p>\n<p>Durchf\u00fchrung des Gro\u00dfen Zapfenstreiches mit dem Trommler-und-Pfeifer-Corps Urmitz anl\u00e4sslich des 75-j\u00e4hrigen Bestehens der Freiwilligen Feuerwehr Spay im Festzelt auf dem Dorfplatz.<\/p>\n<p>8. Juni:<\/p>\n<p>Musikalische Gestaltung des Fr\u00fchschoppens auf dem Jubil\u00e4um der FFw Spay 21.-24. Juni: Musikertour nach Fulpmes im Stubaital in \u00d6sterreich zu unserem Vereinsmitglied Oswald Hofer. Auff\u00fchrung der \u201eDeutschen Messe\u201c von Wolfgang Schubert in der Pfarrkirche in Fulpmes und anschlie\u00dfendes Fr\u00fchschoppenkonzert im Gasthof Hofer.<\/p>\n<p>2. August:<\/p>\n<p>Allj\u00e4hrliche Durchf\u00fchrung des gro\u00dfen Zapfenstreiches beim Sch\u00fctzenfest in Urbar mit sonnt\u00e4glichem<\/p>\n<p>Festumzug und Platzkonzert<\/p>\n<p>15.-18. August:<\/p>\n<p>Kirmes im Oberdorf mit Rheinischer Kirmesatmosph\u00e4re beim Lampionfest auf dem Dorfplatz<\/p>\n<p>19. Oktober:<\/p>\n<p>Platzkonzert anl\u00e4sslich des 95-j\u00e4hrigen Bestehens des Musikvereins Friesheim<\/p>\n<p>November:<\/p>\n<p>Musikalische Gestaltung der Martinsumz\u00fcge in Koblenz-Vorstadt, -Goldgrube und\u2013Stolzenfels sowie in Spay<\/p>\n<h4>2009<\/h4>\n<p>11. Januar:<\/p>\n<p>Musikalische Gestaltung des Neujahrsempfangs der Ortsgemeinde Spay<\/p>\n<p>7. M\u00e4rz:<\/p>\n<p>Jahreshauptversammlung. Mitgliederstand: 418<\/p>\n<p>20.-22. M\u00e4rz:<\/p>\n<p>Orchesterwochenende im Haus Funtasie in Kastellaun<\/p>\n<p>29. M\u00e4rz:<\/p>\n<p>12. Fr\u00fchjahrskonzert in der Schottelhalle, Solisten: Jonas Alt (2. Platz beim Landeswettbewerb Jugend musiziert) am Tenorhorn mit dem \u201eKonzert in B-Dur\u201c und Laura Mathy an der Klarinette mit \u201eCsardas\u201c. Auftritt des Ausbildungsorchesters unter der Leitung von Heinz Schulte.<\/p>\n<p>21.-25. Mai:<\/p>\n<p>16 Musiker spielen im Musikverein Niederwerth anl\u00e4sslich der Benedikt-Parade und gestalten<\/p>\n<p>mit 11 anderen Musikkapellen eine Messe im Petersdom in Rom<\/p>\n<p>29. Mai &#8211; 01. Juni:<\/p>\n<p>Partnerschaftsbesuch anl\u00e4sslich des 75-j\u00e4hrigen -bzw. nach der Neugr\u00fcndung- 30-j\u00e4hrigen Jubil\u00e4ums der Union<\/p>\n<p>Musicale de Spay\/Sarthe in Frankreich. Gemeinschaftskonzert mit der Union Musicale, musikalische Gestaltung<\/p>\n<p>der Messe am Sonntagvormittag und Konzert vor dem Rathaus.<\/p>\n<p>6. Juni:<\/p>\n<p>Teilnahme am Kreismusikfest in Urmitz<\/p>\n<p>27. Juni:<\/p>\n<p>Musikalische Gestaltung des Pfarrfestes in Hirzenach mit 2 anderen Musikvereinen nach zuvor stattgefundenem Sternmarsch.<\/p>\n<p>18. Juli:<\/p>\n<p>Musikalische Gestaltung des Kr\u00f6bbelchesfestes der Freiwilligen Feuerwehr am Boxel\u00f6fterplatz<\/p>\n<p>7. August:<\/p>\n<p>Aufstellen des Kirmesbaumes mit erstmals im Anschluss durchgef\u00fchrten, gemeinsamen Grillabends mit den Kameraden der Freiwilligen Feuerwehr<\/p>\n<p>9. August:<\/p>\n<p>Musikalische Gestaltung des Fr\u00fchschoppens am Rhein-in-Flammen Wochenende am Boxel\u00f6fterplatz<\/p>\n<p>14.-17. August: Durchf\u00fchrung der Kirmes im Oberdorf<\/p>\n<p>19. Dezember: Musikalische Gestaltung der ersten Messe von Paul Eich als Diakon, seit August Fagottist in unserem Verein. Anschlie\u00dfend: Allj\u00e4hrliche Jahresabschlussfeier im Musikh\u00e4uschen.<\/p>\n","protected":false},"excerpt":{"rendered":"<p>2000 18. M\u00e4rz: Bekanntgabe auf der Jahreshauptversammlung: Die Baugenehmigung f\u00fcr die Erweiterung bzw. den Umbau des Musikh\u00e4uschens wurde erteilt 20.-21. Mai: Musikalische Gestaltung der Er\u00f6ffnung und Siegerehrung der Bundesdeutschen Skatmeisterschaften, organisiert durch den Skatverein&#46;&#46;&#46;<\/p>\n","protected":false},"author":2,"featured_media":0,"parent":118,"menu_order":2000,"comment_status":"closed","ping_status":"closed","template":"","meta":{"footnotes":""},"class_list":["post-329","page","type-page","status-publish","hentry"],"_links":{"self":[{"href":"https:\/\/www.musikkapelle-spay.de\/wordpress\/wp-json\/wp\/v2\/pages\/329","targetHints":{"allow":["GET"]}}],"collection":[{"href":"https:\/\/www.musikkapelle-spay.de\/wordpress\/wp-json\/wp\/v2\/pages"}],"about":[{"href":"https:\/\/www.musikkapelle-spay.de\/wordpress\/wp-json\/wp\/v2\/types\/page"}],"author":[{"embeddable":true,"href":"https:\/\/www.musikkapelle-spay.de\/wordpress\/wp-json\/wp\/v2\/users\/2"}],"replies":[{"embeddable":true,"href":"https:\/\/www.musikkapelle-spay.de\/wordpress\/wp-json\/wp\/v2\/comments?post=329"}],"version-history":[{"count":2,"href":"https:\/\/www.musikkapelle-spay.de\/wordpress\/wp-json\/wp\/v2\/pages\/329\/revisions"}],"predecessor-version":[{"id":331,"href":"https:\/\/www.musikkapelle-spay.de\/wordpress\/wp-json\/wp\/v2\/pages\/329\/revisions\/331"}],"up":[{"embeddable":true,"href":"https:\/\/www.musikkapelle-spay.de\/wordpress\/wp-json\/wp\/v2\/pages\/118"}],"wp:attachment":[{"href":"https:\/\/www.musikkapelle-spay.de\/wordpress\/wp-json\/wp\/v2\/media?parent=329"}],"curies":[{"name":"wp","href":"https:\/\/api.w.org\/{rel}","templated":true}]}}