{"id":332,"date":"2011-03-28T18:47:53","date_gmt":"2011-03-28T18:47:53","guid":{"rendered":"http:\/\/www.musikkapelle-spay.de\/wordpress\/?page_id=332"},"modified":"2019-12-02T11:10:06","modified_gmt":"2019-12-02T10:10:06","slug":"2010-2019","status":"publish","type":"page","link":"https:\/\/www.musikkapelle-spay.de\/wordpress\/wir-uber-uns-2\/chronik\/2010-2019\/","title":{"rendered":"2010-Heute"},"content":{"rendered":"<p><strong>2010<\/strong><\/p>\n<p>11. und 14. Februar:<\/p>\n<p>Musikalische Mitwirkung bei den Karnevalsumz\u00fcgen in Spay<\/p>\n<p>21. Februar:<\/p>\n<p>Musikalische Gestaltung der Verleihung der Ehrenplakette der Ortsgemeinde Spay an unser Ehrenmitglied Manfred Kr\u00e4mer mit anschlie\u00dfendem Konzert und Auff\u00fchrung des Liedes \u201eWir Feuerwehr-Kameraden\u201c unter gesanglicher Mitwirkung der aktiven Wehrleute.<\/p>\n<p>21.-24. Mai:<br \/>\nJubil\u00e4um zum 50-j\u00e4hirgen Bestehen des Vereins. Freitags Festkommers mit Gro\u00dfem Zapfenstreich. Horst Alt, Richard Schweikert, Stefan Va\u00dfen und Franz Weingart werden zum Ehrenmitglied ernannt. Samstags Gemeinschaftskonzert mit der Union Musicale de Spay\/Sarthe und anschlie\u00dfend Tanz und\u00a0 Unterhaltung mit K&amp;K und den Pf\u00e4lzer Musikanten. Sonntags Kreismusikfest und Partnerschaftsabend mit der Tanz- und Showband Hommen. Montags Kreismusikfest mit befreundeten Musikvereinen.<\/p>\n<p>11. Juli:<br \/>\nFahrt nach Gondelsheim in die Eifel anl\u00e4sslich der Feierlichkeiten zur Heimatprimiz des aktiven Mitglieds Paul Eich.<\/p>\n<p>20.-23. August:<br \/>\nAusrichtung der Oberd\u00f6rfer Kirmes zusammen mit der Freiwilligen Feuerwehr Spay auf dem Dorfplatz.<\/p>\n<p>17. September:<br \/>\nMit Unterst\u00fctzung des Musikvereins Concordia Rhens wird bei der Fernsehaktion Hammerdorf im Rahmen der Pr\u00e4sentation der 24-Stunden-Aufgabe der Ortsgemeinde Spay ein James-Bond-Medley gespielt und in der SWR-Landesschau live \u00fcbertragen.<\/p>\n<p>24. Oktober:<br \/>\nOrganisation des Konzertes des Kreisjugendorchesters Mayen-Koblenz in der Schottelhalle Spay.<\/p>\n<p><strong>2011<\/strong><\/p>\n<p>01.-03. April:<br \/>\nOrchesterwochenende in Kastellaun zur intensiven musikalischen Vorbereitung auf das Fr\u00fchjahrskonzert.<\/p>\n<p>10. April:<br \/>\n13. Fr\u00fchjahrskonzert in der Schottelhalle Spay.<\/p>\n<p>21. Mai:<br \/>\nPlatzkonzert auf der Rheinland-Pfalz-B\u00fchne bei der Bundesgartenschau in Koblenz.<\/p>\n<p>19.-22. August:<br \/>\nAusrichtung der Spayer Kirmes auf dem Dorfplatz zusammen mit dem F\u00f6rderverein der Freiwilligen Feuerwehr Spay. Motto am Samstag: Bayrischer Abend mit Haxen und Brezen bei Musik der Norather Musikanten.<\/p>\n<p><strong>2012<\/strong><\/p>\n<p>30. Juni<br \/>\nHelfertour mit gemeinsamen Fr\u00fchst\u00fcck auf dem Dorplatz, einer Wanderung von Buchholz nach Brodenbach durch die Ehrbachklamm und einem Buffet zum Abschluss im Hotel &#8222;Zum Anker&#8220; in Brodenbach.<\/p>\n<p>17.-20. August<br \/>\nOberd\u00f6rfer Kirmes auf dem Spayer Dorfplatz. Am Samstag Abend steigt eine Mallorca-Party mit DJ.<\/p>\n<p>08. Dezember<br \/>\nDie Nachwuchsgruppe musiziert auf dem Weihnachtsmarkt der Feuerwehr auf dem Spayer Dorfplatz.<\/p>\n<p><strong>2013<\/strong><\/p>\n<p>23. Februar<br \/>\nBei der Jahreshauptversammlung wird mit Jutta Fregona erstmals eine Frau zur ersten Vorsitzenden der Musikkapelle der Freiwilligen Feuerwehr Spay gew\u00e4hlt.<\/p>\n<p>08.-10. M\u00e4rz<br \/>\nOrchesterwochenende in Kleinweidelbach bei Rheinb\u00f6llen zur intensiven musikalischen Vorbereitung auf das Fr\u00fchjahrskonzert.<\/p>\n<p>17. M\u00e4rz<br \/>\nBeim 14. Fr\u00fchjahrskonzert in der Schottelhalle wird Dirigent Heinz Schulte verabschiedet und zum Ehrendirigenten ernannt. Heinrich Schmidt wird f\u00fcr seine 50-j\u00e4hrige Mitgliedschaft geehrt und zum Ehrenmitglied ernannt. Unter der Leitung des neuen Dirigenten Michael Klein hat die Nachwuchsgruppe der Musikkapelle im Rahmen des Fr\u00fchjahrskonzertes einen Auftritt.<\/p>\n<p>20. M\u00e4rz:<br \/>\nErste offizielle Probe unter der Leitung des neuen Dirigenten Michael Klein.<\/p>\n<p>05. Mai:<br \/>\nErster \u00f6ffentlicher Auftritt unter der Leitung von Dirigent Michael Klein bei der Kirmes in Stolzenfels.<\/p>\n<p>17.-20. Mai:<br \/>\nFahrt nach Spay sur Sarthe (Frankreich) anl\u00e4sslich des 35-j\u00e4hrigen Bestehens der Union Musicale de Spay und der 25-j\u00e4hrigen Partnerschaft von uns mit der Union Musicale de Spay. Samstags wird ein Gemeinschaftskonzert mit der Union Musicale de Spay gespielt.<\/p>\n<p>30. Juni:<br \/>\nPlatzkonzert beim Kr\u00f6bbelschesfest des F\u00f6rdervereins der Freiwilligen Feuerwehr Spay.<\/p>\n<p>16.-19. August:<br \/>\n50. Oberd\u00f6rfer Kirmes auf dem Dorfplatz. Das Festzelt ist als Saloon gestaltet und am Samstag Abend steigt eine gro\u00dfe Westernparty.<\/p>\n<p><strong>2014<\/strong><\/p>\n<p>21.-23. M\u00e4rz:<br \/>\nProbewochenende im Musikhaus zur Vorbereitung auf die Saisoner\u00f6ffnung am 06. April.<\/p>\n<p>30. M\u00e4rz<br \/>\nPlatzkonzert im Rahmen der Einweihungsfeier der umgebauten und neu gestalteten Grundschule Spay und der umgebauten Kita Spay auf dem Schulhof.<\/p>\n<p>06. April:<br \/>\nSaisoner\u00f6ffnung mit Vorstellung der neuen Uniform (petrolfarbene Weste und petrolfarbene Jacke auf wei\u00dfem Hemd) und der neu einge\u00fcbten Musikst\u00fccke bei freiem Eintritt in der Dorfhalle Spay. Unter der musikalischen Leistung von Dirigent Michael Klein konnten viele neue Musikerinnen und Musiker aus der Nachwuchsgruppe in das Gesamtorchester integriert werden.<\/p>\n<p>15.-18. August:<br \/>\nAusrichtung der Oberd\u00f6rfer Kirmes auf dem Dorfplatz zusammen mit dem F\u00f6rderverein der Freiwilligen Feuerwehr Spay. Samstags wird eine gro\u00dfe Hafenparty mit frischem Backfisch und der musikalischen Unterhaltung durch DJ Tube gefeiert.<\/p>\n<p><strong>2015<\/strong><\/p>\n<p>13.-15. M\u00e4rz:<br \/>\nProbenwochenende f\u00fcr das Fr\u00fchjahrskonzert<\/p>\n<p>22. M\u00e4rz:<\/p>\n<p>Unser Fr\u00fchjahrskonzert<br \/>\nMehr als 300 Besucher konnten sich an der bunten Mischung der ausgew\u00e4hlten Musikst\u00fccke erfreuen, die von unseren Moderatoren Lena Fregona und Tobias Wagner gekonnt im Stil eines Eurovision Song Contest pr\u00e4sentiert wurden.<\/p>\n<p>02. Mai<\/p>\n<p>Festakt zur Einweihung der neuen Sportanlage in Spay.<\/p>\n<p>03. Mai<\/p>\n<p>Bei der Stolzenfelser Kirmes, in diesem Jahr verbunden mit dem 90 j\u00e4hrigen Bestehen der Stolzenfelser Feuerwehr; musizierten wir am Sonntag, den 03. Mai. Nach der Messe auf dem Friedhof spielten wir zun\u00e4chst zwei Trauerm\u00e4rsche beim Totengedenken. Anschlie\u00dfend ging es mit Marschmusik hinunter zum Stolzenfelser Kirmesplatz, wo wir dann zum Fr\u00fchschoppen aufspielten.<\/p>\n<p>04. Juni<\/p>\n<p>Wir haben wieder traditionell die Fronleichnamsprozession auf dem Weg von Spay nach Brey und zuruck begleitet. In Brey gestalteten wir die heilige Messe musikalisch mit. Anschlief\u00dfend veranstalteten wir im und am Musikh\u00e4uschen einen Familientag, bei dem wir Musikerinnen und Musiker zusammen mit unseren Familien einige sch\u00f6ne Stunden verbringen konnten.<\/p>\n<p>27. Juni<\/p>\n<p>Festliche Einweihung eines neuen Feuerwehrautos.<\/p>\n<p>28. Juni<\/p>\n<p>Konzert am Boxel\u00f6fterplatz, anl\u00e4sslich der Gro\u00dfveranstaltung &#8222;Tal total&#8220;<\/p>\n<p>02. August<\/p>\n<p>Das Sch\u00fctzenfest in Urbar stand mal wieder auf dem Programm. Gestartet sind wir beim Sch\u00fctzenumzug mit Marschmusik und anschlie\u00dfend gaben wir ein dreist\u00fcndiges Platzkonzert auf dem Sch\u00fctzenplatz.<\/p>\n<p>09. August<\/p>\n<p>musikalischer Fr\u00fchschoppen am Boxel\u00f6fterplatz<\/p>\n<p>14. &#8211; 17. August<\/p>\n<p>Die Spayer Kirmes wurde in Zusammenarbeit mit den Kameradinnen und Kameraden der Freiwilligen Feuerwehr auf dem Dorfplatz ausgerichtet.<br \/>\nWir er\u00f6ffneten am Freitag die Kirmes mit einem Platzkonzert.<br \/>\nAm Kirmessonntag gestalteten wir um 10:30 Uhr die Messe im Festzelt, die wir musikalisch begleiteten. Anschlie\u00dfend sorgten die Musikvereine aus Rhens, Bad Salzig und Emmelshausen f\u00fcr beste musikalische Unterhaltung der Kirmesg\u00e4ste.<br \/>\nAm Kirmesmontag spielten wir im Hotel Alter Posthof zum traditionellen Fr\u00fchschoppen auf.<\/p>\n<p>06. Septemper<\/p>\n<p>Platzkonzert in Boppard bei der 140-Jahrfeier der Feuerwehr.<\/p>\n<p>Anschlie\u00dfend ging es nach Bad Salzig, ebenfalls zum Konzert anl\u00e4sslich eines Feuerwehrfestes.<\/p>\n<p>11. &#8211; 13. September<\/p>\n<p>Jugendausflug mit gemeinsamem Zeltlager<\/p>\n<p>10. Oktober<\/p>\n<p>Auf dem Schiff La Paloma unterhielten wir beim Oktoberfestbrunch die Fahrg\u00e4ste mit z\u00fcnftiger Blasmusik.<\/p>\n<p>15. November<\/p>\n<p>Musikalische Umrahmung des Gedenkens am Volkstrauertag<\/p>\n<p>02. Dezember<\/p>\n<p>Herr Henryk Gunia wird unser neuer Dirigenten, nachdem sein Vorg\u00e4nger Herr Michael Klein aus pers\u00f6nlichen Gr\u00fcnden nicht mehr als Dirigent t\u00e4tig sein konnte.<\/p>\n<p><strong>2016<\/strong><\/p>\n<p>14. Mai<\/p>\n<p>Gemeinschaftskonzert mit den franz\u00f6sischen Freunden aus Spay sur Sarthe.<br \/>\nUnser Publikum konnte sich an einem abwechslungsreichen Programm erfreuen, dass zun\u00e4chst von den beiden Kapellen einzeln und dann in einer gro\u00dfen franz\u00f6sisch \u2013 deutschen Besetzung vorgetragen wurde. Eine gelungene und harmonische Demonstration deutsch-franz\u00f6sicher Freundschaft.<\/p>\n<p>Im Rahmen dieser Veranstaltung wurde Heinz Alt zum Ehrenmitglied ernannt.<\/p>\n<p>15. Mai<\/p>\n<p>Am Pfingstsonntag gestaltete die \u201eUnion musiacale de Spay\u201c den Gottesdienst, anschlie\u00dfend begab man sich zum Totengedenken auf den Friedhof. Danach wurde im Rahmen eines kleinen Umzuges der Weg zum \u201eBoxel\u00f6fterplatz\u201c eingeschlagen.<\/p>\n<p>26. Mai<\/p>\n<p>Fronleichnamsprozession nach Brey und wieder zur\u00fcck<\/p>\n<p>07. August<\/p>\n<p>Beim Sch\u00fctzenfest in Urbar spielten wir zum Sch\u00fctzenappell und anschlie\u00dfendem Umzug traditionelle Marschmusik. Das anschlie\u00dfende 3-st\u00fcndige Konzert begeisterte unsere Zuh\u00f6rer. Auch dieses Jahr wurden wir nach unserem Einsatz noch zum Vogelschie\u00dfen eingeladen, zu dem wir ohne vorangegangene \u00dcbung eine gute Trefferquote erzielten.<\/p>\n<p>14. August<\/p>\n<p>Beim Fr\u00fchschoppen am Sonntag nach \u201eRhein in Flammen\u201c haben wir mit einem Konzert zum Gelingen beigetragen.<\/p>\n<p>19. &#8211; 22. August<\/p>\n<p>Spayer Kirmes mit verschiedenen Auftritten<\/p>\n<p>03. September<\/p>\n<p>Anl\u00e4sslich des \u00a0j\u00e4hrlichen Bopparder Feuerwehrfestes waren wir wieder, eingeladen ein Platzkonzert zu geben.<\/p>\n<p>04. September<\/p>\n<p>Konzert in Bad Salzig, anl\u00e4sslich des 55 j\u00e4hrigen Bestehens des \u201eMittelrheinische Jugend Blasorchester&#8220;.<\/p>\n<p>03. Oktober<\/p>\n<p>Auch in diesem Jahr unterhielten wir die G\u00e4ste des Fahrgastschiffes \u201eLa Paloma\u201c beim Oktoberfestbrunch mit z\u00fcnftiger Blasmusik.<\/p>\n<p>06. November<\/p>\n<p>Zu den Martinsumz\u00fcgen spielten wir in diesem Jahr in Koblenz-Goldgrube und Koblenz-Stolzenfels.<\/p>\n<p>10. November<\/p>\n<p>Martinsumzug in Spay<\/p>\n<p>12. November<\/p>\n<p>F\u00fcr den 12.November wurden wir f\u00fcr eine Veranstaltung der Werksfeuerwehr der Firma Continental in Rheinb\u00f6llen eingeladen. Unsere Aufgabe war es die Feier zum 50-j\u00e4hrigen Bestehen musikalisch mitzugestalten.<\/p>\n<p>13. November<\/p>\n<p>Unser letzter Martinsumzug f\u00fcr dieses Jahr f\u00fchrte uns in die Koblenzer Altstadt, der mit einem Feuer am \u201eDeutschen Eck\u201c endete.<\/p>\n<p>03. Dezember<\/p>\n<p>Unsere Nachwuchsmusiker konnten beim Weihnachtsmarkt auf dem Dorfplatz ihre Weihnachtslieder unter der Leitung von Michael Nickenig auff\u00fchren.<\/p>\n<p><strong>2017<\/strong><\/p>\n<p>24. &#8211; 26. M\u00e4rz<\/p>\n<p>Orchesterwochenende Kloster Arnstein<\/p>\n<p>02. April<\/p>\n<p>Fr\u00fchjahrskonzert unter dem Motto musikalische Zeitreise<\/p>\n<p>24. &#8211; 28. Mai<\/p>\n<p>Musikertour nach Fulpmes im Stubaital<\/p>\n<p>10. &#8211; 11. Juni<\/p>\n<p>Festungsfest &#8222;Pulverdampf und Spatenstich&#8220; auf Ehrenbreitstein in Koblenz<\/p>\n<p>15. Juni<\/p>\n<p>Fronleichnamsprozession nach Brey und zur\u00fcck<\/p>\n<p>25. Juni<\/p>\n<p>D\u00e4mmerschoppen anl\u00e4sslich des &#8222;Kr\u00f6bbelchesfestes&#8220; auf dem Boxel\u00f6fterplatz<\/p>\n<p>19. Juli<\/p>\n<p>1. offizielle Probe mit unserem neuen Dirigenten Christoph Weber<\/p>\n<p>30. Juli<\/p>\n<p>Fr\u00fchschoppen in Karbach bei der Kirmes<\/p>\n<p>06. August<\/p>\n<p>traditionelle Teilnahme am Sch\u00fctzenfest in Urbar<\/p>\n<p>13. August<\/p>\n<p>Rhein in Flammen, Fr\u00fchschoppen<\/p>\n<p>18. &#8211; 21. August<\/p>\n<p>Kirmes in Spay mit verschiedenen Auftritten<\/p>\n<p>02. September<\/p>\n<p>Feuerwehrfest Boppard<\/p>\n<p>09. September<\/p>\n<p>gemeinsames Musizieren mit dem Musikverein in Heiligenroth<\/p>\n<p>17. September<\/p>\n<p>Fr\u00fchschoppen in der Koblenzer Brauerei<\/p>\n<p>08. Oktober<\/p>\n<p>Oktoberfest auf der MS &#8222;La Paloma&#8220;<\/p>\n<p>06. &#8211; 10. November<\/p>\n<p>Martinsumz\u00fcge in Koblenz-Goldgrube, Koblenz-Stolzenfels, Spay und Koblenz-Altstadt<\/p>\n<p>19. November<\/p>\n<p>Vorweihnachtliches Konzert in der Pfarrkirche Spay<\/p>\n<p><strong>2018<\/strong><\/p>\n<p>06. Januar<\/p>\n<p>Neujahrsempfang in Spay, mit Verleihung der Ehrenplakette an unsere Kameraden der Freiwilligen Feuerwehr.<\/p>\n<p>14. Mai<\/p>\n<p>Heinz Alt wurde zum Ehrenmitglied ernannt<\/p>\n<p>&nbsp;<\/p>\n<p>&nbsp;<\/p>\n","protected":false},"excerpt":{"rendered":"<p>2010 11. und 14. Februar: Musikalische Mitwirkung bei den Karnevalsumz\u00fcgen in Spay 21. Februar: Musikalische Gestaltung der Verleihung der Ehrenplakette der Ortsgemeinde Spay an unser Ehrenmitglied Manfred Kr\u00e4mer mit anschlie\u00dfendem Konzert und Auff\u00fchrung des&#46;&#46;&#46;<\/p>\n","protected":false},"author":2,"featured_media":0,"parent":118,"menu_order":2010,"comment_status":"closed","ping_status":"closed","template":"","meta":{"footnotes":""},"class_list":["post-332","page","type-page","status-publish","hentry"],"_links":{"self":[{"href":"https:\/\/www.musikkapelle-spay.de\/wordpress\/wp-json\/wp\/v2\/pages\/332","targetHints":{"allow":["GET"]}}],"collection":[{"href":"https:\/\/www.musikkapelle-spay.de\/wordpress\/wp-json\/wp\/v2\/pages"}],"about":[{"href":"https:\/\/www.musikkapelle-spay.de\/wordpress\/wp-json\/wp\/v2\/types\/page"}],"author":[{"embeddable":true,"href":"https:\/\/www.musikkapelle-spay.de\/wordpress\/wp-json\/wp\/v2\/users\/2"}],"replies":[{"embeddable":true,"href":"https:\/\/www.musikkapelle-spay.de\/wordpress\/wp-json\/wp\/v2\/comments?post=332"}],"version-history":[{"count":10,"href":"https:\/\/www.musikkapelle-spay.de\/wordpress\/wp-json\/wp\/v2\/pages\/332\/revisions"}],"predecessor-version":[{"id":137241,"href":"https:\/\/www.musikkapelle-spay.de\/wordpress\/wp-json\/wp\/v2\/pages\/332\/revisions\/137241"}],"up":[{"embeddable":true,"href":"https:\/\/www.musikkapelle-spay.de\/wordpress\/wp-json\/wp\/v2\/pages\/118"}],"wp:attachment":[{"href":"https:\/\/www.musikkapelle-spay.de\/wordpress\/wp-json\/wp\/v2\/media?parent=332"}],"curies":[{"name":"wp","href":"https:\/\/api.w.org\/{rel}","templated":true}]}}