{"id":85,"date":"2010-06-21T15:16:35","date_gmt":"2010-06-21T13:16:35","guid":{"rendered":"http:\/\/www.musikkapelle-spay.de\/wordpress\/?page_id=85"},"modified":"2018-05-25T11:19:39","modified_gmt":"2018-05-25T09:19:39","slug":"unser-dirigent","status":"publish","type":"page","link":"https:\/\/www.musikkapelle-spay.de\/wordpress\/wir-uber-uns-2\/chronik\/unser-dirigent\/","title":{"rendered":"Ehrendirigent Heinz Schulte"},"content":{"rendered":"<p><strong><i><span style=\"font-size: xx-small;\">Heinz Schulte \u00fcbernahm im August 1990 die musikalische Leitung der Musikkapelle. Unter seiner Leitung wurde die Leistungsf\u00e4higkeit des Orchesters weiter gesteigert. So wurden Registerproben eingef\u00fchrt, und zur Vorbereitung der Fr\u00fchjahrskonzerte jeweils ein Orchesterwochenende mit Dozenten aus dem Bereich Berufsmusik durchgef\u00fchrt. Die bereits unter seinem Vorg\u00e4nger, im Jahre 1984 eingef\u00fchrten Fr\u00fchjahrskonzerte wurden so zu einem musikalischen Ereignis in Spay, bei dem die konzertante symphonische Blasmusik einen geb\u00fchrenden Platz einnahm.<\/span><\/i><\/strong><\/p>\n<p><strong><i><span style=\"font-size: xx-small;\">Nach 23 Jahren erfolgreichen Wirkens verabschiedeten wir Heinz Schulte beim Fr\u00fchjahrskonzert 2013 in den wohlverdienten Ruhestand.<\/span><\/i><\/strong><\/p>\n<p>&nbsp;<\/p>\n<p>&nbsp;<\/p>\n<p><span style=\"font-size: small;\"><a href=\"https:\/\/www.musikkapelle-spay.de\/wordpress\/wp-content\/uploads\/2011\/03\/Schulte3klein1.jpg\"><img loading=\"lazy\" decoding=\"async\" class=\"aligncenter size-full wp-image-90\" title=\"Schulte3klein\" src=\"https:\/\/www.musikkapelle-spay.de\/wordpress\/wp-content\/uploads\/2011\/03\/Schulte3klein1.jpg\" alt=\"\" width=\"457\" height=\"342\" srcset=\"https:\/\/www.musikkapelle-spay.de\/wordpress\/wp-content\/uploads\/2011\/03\/Schulte3klein1.jpg 457w, https:\/\/www.musikkapelle-spay.de\/wordpress\/wp-content\/uploads\/2011\/03\/Schulte3klein1-300x224.jpg 300w, https:\/\/www.musikkapelle-spay.de\/wordpress\/wp-content\/uploads\/2011\/03\/Schulte3klein1-150x112.jpg 150w, https:\/\/www.musikkapelle-spay.de\/wordpress\/wp-content\/uploads\/2011\/03\/Schulte3klein1-400x299.jpg 400w\" sizes=\"auto, (max-width: 457px) 100vw, 457px\" \/><\/a><\/span><\/p>\n","protected":false},"excerpt":{"rendered":"<p>Heinz Schulte \u00fcbernahm im August 1990 die musikalische Leitung der Musikkapelle. Unter seiner Leitung wurde die Leistungsf\u00e4higkeit des Orchesters weiter gesteigert. So wurden Registerproben eingef\u00fchrt, und zur Vorbereitung der Fr\u00fchjahrskonzerte jeweils ein Orchesterwochenende mit&#46;&#46;&#46;<\/p>\n","protected":false},"author":2,"featured_media":0,"parent":118,"menu_order":3002,"comment_status":"closed","ping_status":"closed","template":"","meta":{"footnotes":""},"class_list":["post-85","page","type-page","status-publish","hentry"],"_links":{"self":[{"href":"https:\/\/www.musikkapelle-spay.de\/wordpress\/wp-json\/wp\/v2\/pages\/85","targetHints":{"allow":["GET"]}}],"collection":[{"href":"https:\/\/www.musikkapelle-spay.de\/wordpress\/wp-json\/wp\/v2\/pages"}],"about":[{"href":"https:\/\/www.musikkapelle-spay.de\/wordpress\/wp-json\/wp\/v2\/types\/page"}],"author":[{"embeddable":true,"href":"https:\/\/www.musikkapelle-spay.de\/wordpress\/wp-json\/wp\/v2\/users\/2"}],"replies":[{"embeddable":true,"href":"https:\/\/www.musikkapelle-spay.de\/wordpress\/wp-json\/wp\/v2\/comments?post=85"}],"version-history":[{"count":15,"href":"https:\/\/www.musikkapelle-spay.de\/wordpress\/wp-json\/wp\/v2\/pages\/85\/revisions"}],"predecessor-version":[{"id":137068,"href":"https:\/\/www.musikkapelle-spay.de\/wordpress\/wp-json\/wp\/v2\/pages\/85\/revisions\/137068"}],"up":[{"embeddable":true,"href":"https:\/\/www.musikkapelle-spay.de\/wordpress\/wp-json\/wp\/v2\/pages\/118"}],"wp:attachment":[{"href":"https:\/\/www.musikkapelle-spay.de\/wordpress\/wp-json\/wp\/v2\/media?parent=85"}],"curies":[{"name":"wp","href":"https:\/\/api.w.org\/{rel}","templated":true}]}}